{"id":3998,"date":"2020-11-06T10:44:56","date_gmt":"2020-11-06T07:44:56","guid":{"rendered":"http:\/\/drcoffee.mediashark.pro\/%d0%b3%d0%bb%d0%b0%d0%b2%d0%bd%d0%b0%d1%8f\/"},"modified":"2020-11-23T13:33:54","modified_gmt":"2020-11-23T10:33:54","slug":"%d0%b3%d0%bb%d0%b0%d0%b2%d0%bd%d0%b0%d1%8f","status":"publish","type":"page","link":"https:\/\/dr-coffee.by\/pl\/","title":{"rendered":"G\u0142\u00f3wna"},"content":{"rendered":"<p>[vc_row][vc_column][vc_empty_space height=&#8221;45px&#8221;][\/vc_column][\/vc_row][vc_row row_content_width=&#8221;grid&#8221; el_class=&#8221;main-page-adv-block&#8221;][vc_column]<div class=\"eltdf-item-showcase-holder clearfix\"><div class=\"eltdf-is-item eltdf-is-left \">\n\t\t<div class=\"eltdf-is-content\">\n\t\t\t\t\t<h5 class=\"eltdf-is-title\" >\n\t\t\t\t<a href=\"#\" target=\"_self\">\t\t\t\tPodw\u00f3jna pompa\t\t\t\t<\/a>\t\t\t<\/h5>\n\t\t\t\t\t\t\t<p class=\"eltdf-is-text\" >Innowacyjny system podw\u00f3jnej pompy zapewnia wysok\u0105 wydajno\u015b\u0107 (do 198 fili\u017canek espresso na godzin\u0119)<\/p>\n\t\t\t<\/div>\n\t\t\t\t\t\t<div class=\"eltdf-item-custom-icon-outer\">\n\t\t\t\t<div class=\"eltdf-item-custom-icon-inner\" >\n\t\t\t\t\t<div class=\"eltdf-item-custom-icon\">\n\t\t\t\t\t\t<img width=\"52\" height=\"56\" src=\"https:\/\/dr-coffee.by\/wp-content\/uploads\/2020\/03\/image-9.png\" class=\"attachment-full size-full\" alt=\"\u0413\u043b\u0430\u0432\u043d\u0430\u044f\" title=\"\u0413\u043b\u0430\u0432\u043d\u0430\u044f\" \/>\t\t\t\t\t\t\t\t\t\t\t<\/div>\n\t\t\t\t<\/div>\n\t\t\t<\/div>\n\t\t\t<\/div><div class=\"eltdf-is-item eltdf-is-left \">\n\t\t<div class=\"eltdf-is-content\">\n\t\t\t\t\t<h5 class=\"eltdf-is-title\" >\n\t\t\t\t<a href=\"#\" target=\"_self\">\t\t\t\tOczyszczanie\t\t\t\t<\/a>\t\t\t<\/h5>\n\t\t\t\t\t\t\t<p class=\"eltdf-is-text\" >Automatyczne czyszczenie systemu mleka<\/p>\n\t\t\t<\/div>\n\t\t\t\t\t\t<div class=\"eltdf-item-custom-icon-outer\">\n\t\t\t\t<div class=\"eltdf-item-custom-icon-inner\" >\n\t\t\t\t\t<div class=\"eltdf-item-custom-icon\">\n\t\t\t\t\t\t<img width=\"52\" height=\"47\" src=\"https:\/\/dr-coffee.by\/wp-content\/uploads\/2020\/03\/image-7.png\" class=\"attachment-full size-full\" alt=\"\u0413\u043b\u0430\u0432\u043d\u0430\u044f\" title=\"\u0413\u043b\u0430\u0432\u043d\u0430\u044f\" \/>\t\t\t\t\t\t\t\t\t\t\t<\/div>\n\t\t\t\t<\/div>\n\t\t\t<\/div>\n\t\t\t<\/div><div class=\"eltdf-is-item eltdf-is-left \">\n\t\t<div class=\"eltdf-is-content\">\n\t\t\t\t\t<h5 class=\"eltdf-is-title\" >\n\t\t\t\t<a href=\"#\" target=\"_self\">\t\t\t\tMetalowe opakowanie\t\t\t\t<\/a>\t\t\t<\/h5>\n\t\t\t\t\t\t\t<p class=\"eltdf-is-text\" >Metalowy korpus ekspresu gwarantuje trwa\u0142o\u015b\u0107 i stabilno\u015b\u0107 w zastosowaniach komercyjnych<\/p>\n\t\t\t<\/div>\n\t\t\t\t\t\t<div class=\"eltdf-item-custom-icon-outer\">\n\t\t\t\t<div class=\"eltdf-item-custom-icon-inner\" >\n\t\t\t\t\t<div class=\"eltdf-item-custom-icon\">\n\t\t\t\t\t\t<img width=\"52\" height=\"44\" src=\"https:\/\/dr-coffee.by\/wp-content\/uploads\/2020\/03\/image-6.png\" class=\"attachment-full size-full\" alt=\"\u0413\u043b\u0430\u0432\u043d\u0430\u044f\" title=\"\u0413\u043b\u0430\u0432\u043d\u0430\u044f\" \/>\t\t\t\t\t\t\t\t\t\t\t<\/div>\n\t\t\t\t<\/div>\n\t\t\t<\/div>\n\t\t\t<\/div><div class=\"eltdf-is-item eltdf-is-right \">\n\t\t\t\t\t\t<div class=\"eltdf-item-custom-icon-outer\">\n\t\t\t\t<div class=\"eltdf-item-custom-icon-inner\" >\n\t\t\t\t\t<div class=\"eltdf-item-custom-icon\">\n\t\t\t\t\t\t<img width=\"52\" height=\"47\" src=\"https:\/\/dr-coffee.by\/wp-content\/uploads\/2020\/03\/image-4.png\" class=\"attachment-full size-full\" alt=\"\u0413\u043b\u0430\u0432\u043d\u0430\u044f\" title=\"\u0413\u043b\u0430\u0432\u043d\u0430\u044f\" \/>\t\t\t\t\t\t\t\t\t\t\t<\/div>\n\t\t\t\t<\/div>\n\t\t\t<\/div>\n\t\t\t\t<div class=\"eltdf-is-content\">\n\t\t\t\t\t<h5 class=\"eltdf-is-title\" >\n\t\t\t\t<a href=\"#\" target=\"_self\">\t\t\t\tTw\u00f3j w\u0142asny przepis\t\t\t\t<\/a>\t\t\t<\/h5>\n\t\t\t\t\t\t\t<p class=\"eltdf-is-text\" >Kawa wed\u0142ug w\u0142asnego przepisu z wyj\u015bciem na panel szybkiego dost\u0119pu<\/p>\n\t\t\t<\/div>\n\t<\/div><div class=\"eltdf-is-item eltdf-is-right \">\n\t\t\t\t\t\t<div class=\"eltdf-item-custom-icon-outer\">\n\t\t\t\t<div class=\"eltdf-item-custom-icon-inner\" >\n\t\t\t\t\t<div class=\"eltdf-item-custom-icon\">\n\t\t\t\t\t\t<img width=\"52\" height=\"54\" src=\"https:\/\/dr-coffee.by\/wp-content\/uploads\/2020\/03\/image-5.png\" class=\"attachment-full size-full\" alt=\"\u0413\u043b\u0430\u0432\u043d\u0430\u044f\" title=\"\u0413\u043b\u0430\u0432\u043d\u0430\u044f\" \/>\t\t\t\t\t\t\t\t\t\t\t<\/div>\n\t\t\t\t<\/div>\n\t\t\t<\/div>\n\t\t\t\t<div class=\"eltdf-is-content\">\n\t\t\t\t\t<h5 class=\"eltdf-is-title\" >\n\t\t\t\t<a href=\"#\" target=\"_self\">\t\t\t\tEkran dotykowy\t\t\t\t<\/a>\t\t\t<\/h5>\n\t\t\t\t\t\t\t<p class=\"eltdf-is-text\" >Pojemno\u015bciowy wy\u015bwietlacz dotykowy 10,1&#039;<\/p>\n\t\t\t<\/div>\n\t<\/div><div class=\"eltdf-is-item eltdf-is-right \">\n\t\t\t\t\t\t<div class=\"eltdf-item-custom-icon-outer\">\n\t\t\t\t<div class=\"eltdf-item-custom-icon-inner\" >\n\t\t\t\t\t<div class=\"eltdf-item-custom-icon\">\n\t\t\t\t\t\t<img width=\"52\" height=\"46\" src=\"https:\/\/dr-coffee.by\/wp-content\/uploads\/2020\/03\/image-8.png\" class=\"attachment-full size-full\" alt=\"\u0413\u043b\u0430\u0432\u043d\u0430\u044f\" title=\"\u0413\u043b\u0430\u0432\u043d\u0430\u044f\" \/>\t\t\t\t\t\t\t\t\t\t\t<\/div>\n\t\t\t\t<\/div>\n\t\t\t<\/div>\n\t\t\t\t<div class=\"eltdf-is-content\">\n\t\t\t\t\t<h5 class=\"eltdf-is-title\" >\n\t\t\t\t<a href=\"#\" target=\"_self\">\t\t\t\tCeramiczne kamienie m\u0142y\u0144skie\t\t\t\t<\/a>\t\t\t<\/h5>\n\t\t\t\t\t\t\t<p class=\"eltdf-is-text\" >P\u0142askie \u017carna ceramiczne przeznaczone s\u0105 do mielenia do 500 kg kawy. Mielenie ziaren tej samej wielko\u015bci daje niepowtarzalny smak<\/p>\n\t\t\t<\/div>\n\t<\/div><div class=\"eltdf-is-image\" style=\"margin-top: -10px\"><img width=\"757\" height=\"709\" src=\"https:\/\/dr-coffee.by\/wp-content\/uploads\/2020\/03\/image-1.png\" class=\"attachment-full size-full\" alt=\"Dr.Coffee F2 Plus(\u0441 \u043a\u0443\u043b\u0435\u0440\u043e\u043c F2)\" title=\"\u0413\u043b\u0430\u0432\u043d\u0430\u044f\" \/><\/div><\/div>[\/vc_column][\/vc_row][vc_row][vc_column][vc_empty_space height=&#8221;45px&#8221;][\/vc_column][\/vc_row][vc_row disable_background_image=&#8221;&#8221; simple_background_image=&#8221;2791&#8243; css=&#8221;.vc_custom_1583488344859{padding-top: 50px !important;padding-bottom: 50px !important;background-position: center !important;background-repeat: no-repeat !important;background-size: cover !important;}&#8221;][vc_column][vc_row_inner row_content_width=&#8221;grid&#8221; content_text_aligment=&#8221;center&#8221; css=&#8221;.vc_custom_1523364472646{padding-bottom: 75px !important;}&#8221;][vc_column_inner offset=&#8221;vc_col-lg-offset-3 vc_col-lg-6 vc_col-md-offset-2 vc_col-md-8&#8243;]<div class=\"eltdf-section-title-holder  \" >\n\t<div class=\"eltdf-st-inner\">\n\t\t\t\t\t<h2 class=\"eltdf-st-title\" >\n\t\t\t\tDr. Coffee zaleca\t\t\t<\/h2>\n\t\t\t\t\t<\/div>\n<\/div><div class=\"eltdf-separator-holder clearfix  eltdf-separator-center \" style=\"margin-top: 13px;margin-bottom: 22px\">\n\t\t<div class=\"eltdf-separator\" ><\/div>\n\t\t\t<span class=\"eltdf-separator-icon\" >\n\t\t\t<img width=\"189\" height=\"24\" src=\"https:\/\/dr-coffee.by\/wp-content\/uploads\/2018\/04\/title-separator.png\" class=\"attachment-full size-full\" alt=\"s\" title=\"G\u0142\u00f3wna\" \/>\t\t<\/span>\n\t\t\t\t\t<div class=\"eltdf-separator\" ><\/div>\n\t\t\t<\/div>\n[vc_column_text]Starannie dobrane gatunki kawy, sprawdzona technologia palenia w po\u0142\u0105czeniu z jako\u015bci\u0105 parzenia i ustawieniami ekspres\u00f3w Dr. Coffee gwarantuj\u0105, \u017ce zachwyc\u0105 Ci\u0119 prawdziwym smakiem kawy.<\/p>\n<p>[\/vc_column_text][\/vc_column_inner][\/vc_row_inner][vc_row_inner row_content_width=&#8221;grid&#8221;][vc_column_inner]<div class=\"eltdf-pl-holder eltdf-standard-layout eltdf-medium-space eltdf-three-columns eltdf-info-below-image eltdf-product-info-default\">\n\t<div class=\"eltdf-pl-outer eltdf-outer-space\">\n\t\t<div class=\"eltdf-pli-messsage\"><p>No products were found!<\/p><\/div>\t<\/div>\n<\/div>[\/vc_column_inner][\/vc_row_inner][\/vc_column][\/vc_row][vc_row row_content_width=&#8221;grid&#8221; disable_background_image=&#8221;&#8221; content_text_aligment=&#8221;center&#8221; css=&#8221;.vc_custom_1587626489108{padding-top: 160px !important;padding-bottom: 170px !important;}&#8221; simple_background_image=&#8221;3383&#8243;][vc_column offset=&#8221;vc_col-lg-offset-0 vc_col-lg-7 vc_col-md-offset-1 vc_col-md-10 vc_col-sm-offset-0 vc_col-xs-12&#8243; el_class=&#8221;rent_block&#8221; css=&#8221;.vc_custom_1583846243984{padding-right: 30% !important;}&#8221;]<div class=\"eltdf-section-title-holder  \" >\n\t<div class=\"eltdf-st-inner\">\n\t\t\t\t\t<h2 class=\"eltdf-st-title\" style=\"color: #ffffff\">\n\t\t\t\tEKSPRES DO KAWY DO WYNAJ\u0118CIA\t\t\t<\/h2>\n\t\t\t\t\t<\/div>\n<\/div><div class=\"eltdf-separator-holder clearfix  eltdf-separator-center \" style=\"margin-top: 13px;margin-bottom: 22px\">\n\t\t<div class=\"eltdf-separator\" ><\/div>\n\t\t\t<span class=\"eltdf-separator-icon\" >\n\t\t\t<img width=\"189\" height=\"24\" src=\"https:\/\/dr-coffee.by\/wp-content\/uploads\/2018\/04\/title-separator.png\" class=\"attachment-full size-full\" alt=\"s\" title=\"G\u0142\u00f3wna\" \/>\t\t<\/span>\n\t\t\t\t\t<div class=\"eltdf-separator\" ><\/div>\n\t\t\t<\/div>\n[vc_column_text]<\/p>\n<h6 style=\"color: #ffffff;\">Wynajmij ekspres do kawy przy zakupie kawy<\/h6>\n<p>[\/vc_column_text][vc_empty_space height=&#8221;48px&#8221;]<a itemprop=\"url\" href=\"http:\/\/dr-coffee.by\/pl\/%d0%b0%d1%80%d0%b5%d0%bd%d0%b4%d0%b0\/\" target=\"_self\" style=\"color: #ffffff;background-color: #dd9933\" class=\"eltdf-btn eltdf-btn-medium eltdf-btn-solid eltdf-btn-custom-hover-bg eltdf-btn-custom-hover-color eltdf-btn-dash\" data-hover-color=\"#ededed\" data-hover-bg-color=\"#ddb67c\" >\n    <span class=\"eltdf-btn-text\">Wi\u0119cej szczeg\u00f3\u0142\u00f3w<\/span>\n\t<\/a>[\/vc_column][\/vc_row][vc_row row_content_width=&#8221;grid&#8221; content_text_aligment=&#8221;center&#8221; css=&#8221;.vc_custom_1524652160144{padding-top: 120px !important;padding-bottom: 93px !important;}&#8221;][vc_column offset=&#8221;vc_col-lg-offset-3 vc_col-lg-6 vc_col-md-offset-2 vc_col-md-8&#8243;]<div class=\"eltdf-section-title-holder  \" >\n\t<div class=\"eltdf-st-inner\">\n\t\t\t\t\t<h2 class=\"eltdf-st-title\" >\n\t\t\t\tDr. Coffee na Bia\u0142orusi\t\t\t<\/h2>\n\t\t\t\t\t<\/div>\n<\/div><div class=\"eltdf-separator-holder clearfix  eltdf-separator-center \" style=\"margin-top: 13px;margin-bottom: 22px\">\n\t\t<div class=\"eltdf-separator\" ><\/div>\n\t\t\t<span class=\"eltdf-separator-icon\" >\n\t\t\t<img width=\"189\" height=\"24\" src=\"https:\/\/dr-coffee.by\/wp-content\/uploads\/2018\/04\/title-separator.png\" class=\"attachment-full size-full\" alt=\"s\" title=\"G\u0142\u00f3wna\" \/>\t\t<\/span>\n\t\t\t\t\t<div class=\"eltdf-separator\" ><\/div>\n\t\t\t<\/div>\n[vc_column_text]Dr. Coffee aktywnie uczestniczy w rozwoju kultury kawowej na Bia\u0142orusi. Linia produkt\u00f3w Dr.Coffee to optymalne rozwi\u0105zania technologiczne dla biur, restauracji, kawiarni i innych obiekt\u00f3w HoReCa. Jako wy\u0142\u0105czny dostawca sprz\u0119tu kawowego Dr. Coffee na Bia\u0142orusi oferujemy wysokiej jako\u015bci super automatyczne ekspresy w najbardziej konkurencyjnych cenach.<\/p>\n<p>[\/vc_column_text][\/vc_column][vc_column][\/vc_column][\/vc_row][vc_row][vc_column]<div class=\"eltdf-portfolio-list-holder eltdf-pl-gallery eltdf-large-space eltdf-pl-three-columns eltdf-pl-gallery-overlay    eltdf-pl-pag-no-pagination     \"  data-type=gallery data-number-of-columns=3 data-space-between-items=large data-number-of-items=3 data-image-proportions=square data-enable-fixed-proportions=no data-enable-image-shadow=no data-orderby=date data-order=ASC data-item-style=gallery-overlay data-enable-title=yes data-title-tag=h4 data-enable-category=yes data-enable-count-images=yes data-enable-excerpt=no data-excerpt-length=20 data-pagination-type=no-pagination data-filter=no data-filter-order-by=name data-enable-article-animation=no data-portfolio-slider-on=no data-enable-loop=yes data-enable-autoplay=yes data-slider-speed=5000 data-slider-speed-animation=600 data-enable-navigation=yes data-enable-pagination=yes data-max-num-pages=1 data-next-page=2>\n\t\t<div class=\"eltdf-pl-inner eltdf-outer-space  clearfix\">\n\t\t<article class=\"eltdf-pl-item eltdf-item-space  post-4297 portfolio-item type-portfolio-item status-publish has-post-thumbnail hentry\">\n\t<div class=\"eltdf-pl-item-inner\">\n\t\t<div class=\"eltdf-pli-image\">\n\t<img width=\"550\" height=\"550\" src=\"https:\/\/dr-coffee.by\/wp-content\/uploads\/2018\/03\/rb-550x550.jpg\" class=\"attachment-corretto_elated_square size-corretto_elated_square wp-post-image\" alt=\"Dr.Coffee na Bia\u0142orusi\" title=\"Dr.Coffee na Bia\u0142orusi\" \/><\/div>\n<div class=\"eltdf-pli-text-holder\">\n\t<div class=\"eltdf-pli-text-wrapper\">\n\t\t<div class=\"eltdf-pli-text\">\n\t\t\t\t<h4 itemprop=\"name\" class=\"eltdf-pli-title entry-title\" >\n\t\tDr.Coffee na Bia\u0142orusi\t<\/h4>\n\n\t\t\t\n\t\t\t\t\t<\/div>\n\t<\/div>\n<\/div>\t\t<a itemprop=\"url\" class=\"eltdf-pli-link eltdf-block-drag-link\" href=\"https:\/\/dr-coffee.by\/pl\/portfolio-item\/perfect-cup\/\" target=\"_self\"><\/a>\n\t<\/div>\n<\/article><article class=\"eltdf-pl-item eltdf-item-space  post-4294 portfolio-item type-portfolio-item status-publish has-post-thumbnail hentry\">\n\t<div class=\"eltdf-pl-item-inner\">\n\t\t<div class=\"eltdf-pli-image\">\n\t<img width=\"550\" height=\"550\" src=\"https:\/\/dr-coffee.by\/wp-content\/uploads\/2020\/03\/service-scaled-550x550.jpg\" class=\"attachment-corretto_elated_square size-corretto_elated_square wp-post-image\" alt=\"Serwis i magazyn w Mi\u0144sku\" srcset=\"https:\/\/dr-coffee.by\/wp-content\/uploads\/2020\/03\/service-scaled-550x550.jpg 550w, https:\/\/dr-coffee.by\/wp-content\/uploads\/2020\/03\/service-scaled-1100x1100.jpg 1100w\" sizes=\"(max-width: 550px) 100vw, 550px\" title=\"Serwis i magazyn w Mi\u0144sku\" \/><\/div>\n<div class=\"eltdf-pli-text-holder\">\n\t<div class=\"eltdf-pli-text-wrapper\">\n\t\t<div class=\"eltdf-pli-text\">\n\t\t\t\t<h4 itemprop=\"name\" class=\"eltdf-pli-title entry-title\" >\n\t\tSerwis i magazyn w Mi\u0144sku\t<\/h4>\n\n\t\t\t\n\t\t\t\t\t<\/div>\n\t<\/div>\n<\/div>\t\t<a itemprop=\"url\" class=\"eltdf-pli-link eltdf-block-drag-link\" href=\"https:\/\/dr-coffee.by\/pl\/portfolio-item\/%d1%81%d0%b5%d1%80%d0%b2%d0%b8%d1%81-%d0%b8-%d1%81%d0%ba%d0%bb%d0%b0%d0%b4-%d0%b2-%d0%bc%d0%b8%d0%bd%d1%81%d0%ba%d0%b5\/\" target=\"_self\"><\/a>\n\t<\/div>\n<\/article><article class=\"eltdf-pl-item eltdf-item-space  post-4291 portfolio-item type-portfolio-item status-publish has-post-thumbnail hentry\">\n\t<div class=\"eltdf-pl-item-inner\">\n\t\t<div class=\"eltdf-pli-image\">\n\t<img width=\"550\" height=\"550\" src=\"https:\/\/dr-coffee.by\/wp-content\/uploads\/2020\/03\/stazh-scaled-550x550.jpg\" class=\"attachment-corretto_elated_square size-corretto_elated_square wp-post-image\" alt=\"Praktyki i szkolenia\" srcset=\"https:\/\/dr-coffee.by\/wp-content\/uploads\/2020\/03\/stazh-scaled-550x550.jpg 550w, https:\/\/dr-coffee.by\/wp-content\/uploads\/2020\/03\/stazh-scaled-1100x1100.jpg 1100w\" sizes=\"(max-width: 550px) 100vw, 550px\" title=\"Praktyki i szkolenia\" \/><\/div>\n<div class=\"eltdf-pli-text-holder\">\n\t<div class=\"eltdf-pli-text-wrapper\">\n\t\t<div class=\"eltdf-pli-text\">\n\t\t\t\t<h4 itemprop=\"name\" class=\"eltdf-pli-title entry-title\" >\n\t\tPraktyki i szkolenia\t<\/h4>\n\n\t\t\t\n\t\t\t\t\t<\/div>\n\t<\/div>\n<\/div>\t\t<a itemprop=\"url\" class=\"eltdf-pli-link eltdf-block-drag-link\" href=\"https:\/\/dr-coffee.by\/pl\/portfolio-item\/%d1%81%d1%82%d0%b0%d0%b6%d0%b8%d1%80%d0%be%d0%b2%d0%ba%d0%b0-%d0%b8-%d0%be%d0%b1%d1%83%d1%87%d0%b5%d0%bd%d0%b8%d0%b5\/\" target=\"_self\"><\/a>\n\t<\/div>\n<\/article>\t<\/div>\n\t\n\t<\/div>[\/vc_column][\/vc_row][vc_row css=&#8221;.vc_custom_1522745828804{padding-top: 74px !important;padding-bottom: 100px !important;}&#8221;][vc_column]<div class=\"eltdf-clients-carousel-holder eltdf-cc-hover-switch-images\">\n\t<div class=\"eltdf-cc-inner eltdf-owl-slider\" data-number-of-items=\"6\" data-enable-loop=\"yes\" data-enable-autoplay=\"yes\" data-slider-speed=\"5000\" data-slider-speed-animation=\"600\" data-enable-navigation=\"no\" data-enable-pagination=\"no\" data-number-of-rows=\"1\">\n\t\t<div class=\"eltdf-cc-item\">\n\t\t\t\t\t\t<img itemprop=\"image\" class=\"eltdf-cc-image\" src=\"https:\/\/dr-coffee.by\/wp-content\/uploads\/2020\/03\/1-3-e1585663477860.png\" alt=\"Praktyki i szkolenia\" \/>\n\t\t\t\t\t\t\t<img itemprop=\"image\" class=\"eltdf-cc-hover-image\" src=\"https:\/\/dr-coffee.by\/wp-content\/uploads\/2020\/03\/1-3-e1585663477860.png\" alt=\"Praktyki i szkolenia\" \/>\n\t\t\t<\/div><div class=\"eltdf-cc-item\">\n\t\t\t\t\t\t<img itemprop=\"image\" class=\"eltdf-cc-image\" src=\"https:\/\/dr-coffee.by\/wp-content\/uploads\/2020\/03\/logo_mir_espresso-e1585663559272.png\" alt=\"Praktyki i szkolenia\" \/>\n\t\t\t\t\t\t\t<img itemprop=\"image\" class=\"eltdf-cc-hover-image\" src=\"https:\/\/dr-coffee.by\/wp-content\/uploads\/2020\/03\/logo_mir_espresso-e1585663559272.png\" alt=\"Praktyki i szkolenia\" \/>\n\t\t\t<\/div><div class=\"eltdf-cc-item\">\n\t\t\t\t\t\t<img itemprop=\"image\" class=\"eltdf-cc-image\" src=\"https:\/\/dr-coffee.by\/wp-content\/uploads\/2020\/03\/3.jpg\" alt=\"Praktyki i szkolenia\" \/>\n\t\t\t\t\t\t\t<img itemprop=\"image\" class=\"eltdf-cc-hover-image\" src=\"https:\/\/dr-coffee.by\/wp-content\/uploads\/2020\/03\/3.jpg\" alt=\"Praktyki i szkolenia\" \/>\n\t\t\t<\/div><div class=\"eltdf-cc-item\">\n\t\t\t\t\t\t<img itemprop=\"image\" class=\"eltdf-cc-image\" src=\"https:\/\/dr-coffee.by\/wp-content\/uploads\/2020\/03\/4-e1585663219885.jpg\" alt=\"Praktyki i szkolenia\" \/>\n\t\t\t\t\t\t\t<img itemprop=\"image\" class=\"eltdf-cc-hover-image\" src=\"https:\/\/dr-coffee.by\/wp-content\/uploads\/2020\/03\/4-e1585663219885.jpg\" alt=\"Praktyki i szkolenia\" \/>\n\t\t\t<\/div><div class=\"eltdf-cc-item\">\n\t\t\t\t\t\t<img itemprop=\"image\" class=\"eltdf-cc-image\" src=\"https:\/\/dr-coffee.by\/wp-content\/uploads\/2020\/03\/6.jpg\" alt=\"Praktyki i szkolenia\" \/>\n\t\t\t\t\t\t\t<img itemprop=\"image\" class=\"eltdf-cc-hover-image\" src=\"https:\/\/dr-coffee.by\/wp-content\/uploads\/2020\/03\/6.jpg\" alt=\"Praktyki i szkolenia\" \/>\n\t\t\t<\/div><div class=\"eltdf-cc-item\">\n\t\t\t\t\t\t<img itemprop=\"image\" class=\"eltdf-cc-image\" src=\"https:\/\/dr-coffee.by\/wp-content\/uploads\/2020\/03\/7.png\" alt=\"Praktyki i szkolenia\" \/>\n\t\t\t\t\t\t\t<img itemprop=\"image\" class=\"eltdf-cc-hover-image\" src=\"https:\/\/dr-coffee.by\/wp-content\/uploads\/2020\/03\/7.png\" alt=\"Praktyki i szkolenia\" \/>\n\t\t\t<\/div><div class=\"eltdf-cc-item\">\n\t\t\t\t\t\t<img itemprop=\"image\" class=\"eltdf-cc-image\" src=\"https:\/\/dr-coffee.by\/wp-content\/uploads\/2020\/03\/8-e1585663407565.png\" alt=\"Praktyki i szkolenia\" \/>\n\t\t\t\t\t\t\t<img itemprop=\"image\" class=\"eltdf-cc-hover-image\" src=\"https:\/\/dr-coffee.by\/wp-content\/uploads\/2020\/03\/8-e1585663407565.png\" alt=\"Praktyki i szkolenia\" \/>\n\t\t\t<\/div><div class=\"eltdf-cc-item\">\n\t\t\t\t\t\t<img itemprop=\"image\" class=\"eltdf-cc-image\" src=\"https:\/\/dr-coffee.by\/wp-content\/uploads\/2020\/04\/\u041b\u043e\u0433\u043e\u0442\u0438\u043f-\u21165-1.jpg\" alt=\"Praktyki i szkolenia\" \/>\n\t\t\t\t\t\t\t<img itemprop=\"image\" class=\"eltdf-cc-hover-image\" src=\"https:\/\/dr-coffee.by\/wp-content\/uploads\/2020\/04\/\u041b\u043e\u0433\u043e\u0442\u0438\u043f-\u21165-1.jpg\" alt=\"Praktyki i szkolenia\" \/>\n\t\t\t<\/div>\t<\/div>\n<\/div>[\/vc_column][\/vc_row]<\/p>\n","protected":false},"excerpt":{"rendered":"<p>[vc_row][vc_column][vc_empty_space height=&#8221;45px&#8221;][\/vc_column][\/vc_row][vc_row row_content_width=&#8221;grid&#8221; el_class=&#8221;main-page-adv-block&#8221;][vc_column][\/vc_column][\/vc_row][vc_row][vc_column][vc_empty_space height=&#8221;45px&#8221;][\/vc_column][\/vc_row][vc_row disable_background_image=&#8221;&#8221; simple_background_image=&#8221;2791&#8243; css=&#8221;.vc_custom_1583488344859{padding-top: 50px !important;padding-bottom: 50px !important;background-position: center !important;background-repeat: no-repeat !important;background-size: cover !important;}&#8221;][vc_column][vc_row_inner row_content_width=&#8221;grid&#8221; content_text_aligment=&#8221;center&#8221; css=&#8221;.vc_custom_1523364472646{padding-bottom: 75px !important;}&#8221;][vc_column_inner offset=&#8221;vc_col-lg-offset-3 vc_col-lg-6 vc_col-md-offset-2 vc_col-md-8&#8243;][vc_column_text]Starannie dobrane gatunki kawy, sprawdzona technologia palenia w po\u0142\u0105czeniu z jako\u015bci\u0105 parzenia i ustawieniami ekspres\u00f3w Dr. Coffee gwarantuj\u0105, \u017ce zachwyc\u0105 Ci\u0119 prawdziwym smakiem kawy. [\/vc_column_text][\/vc_column_inner][\/vc_row_inner][vc_row_inner row_content_width=&#8221;grid&#8221;][vc_column_inner][\/vc_column_inner][\/vc_row_inner][\/vc_column][\/vc_row][vc_row row_content_width=&#8221;grid&#8221; disable_background_image=&#8221;&#8221; content_text_aligment=&#8221;center&#8221; css=&#8221;.vc_custom_1587626489108{padding-top: 160px !important;padding-bottom: 170px !important;}&#8221; simple_background_image=&#8221;3383&#8243;][vc_column offset=&#8221;vc_col-lg-offset-0 vc_col-lg-7 vc_col-md-offset-1 vc_col-md-10 vc_col-sm-offset-0 vc_col-xs-12&#8243; el_class=&#8221;rent_block&#8221; css=&#8221;.vc_custom_1583846243984{padding-right: 30% !important;}&#8221;][vc_column_text] Wynajmij [&hellip;]<\/p>\n","protected":false},"author":1,"featured_media":0,"parent":0,"menu_order":0,"comment_status":"closed","ping_status":"closed","template":"","meta":[],"_links":{"self":[{"href":"https:\/\/dr-coffee.by\/pl\/wp-json\/wp\/v2\/pages\/3998\/"}],"collection":[{"href":"https:\/\/dr-coffee.by\/pl\/wp-json\/wp\/v2\/pages\/"}],"about":[{"href":"https:\/\/dr-coffee.by\/pl\/wp-json\/wp\/v2\/types\/page\/"}],"author":[{"embeddable":true,"href":"https:\/\/dr-coffee.by\/pl\/wp-json\/wp\/v2\/users\/1\/"}],"replies":[{"embeddable":true,"href":"https:\/\/dr-coffee.by\/pl\/wp-json\/wp\/v2\/comments\/?post=3998"}],"version-history":[{"count":0,"href":"https:\/\/dr-coffee.by\/pl\/wp-json\/wp\/v2\/pages\/3998\/revisions\/"}],"wp:attachment":[{"href":"https:\/\/dr-coffee.by\/pl\/wp-json\/wp\/v2\/media\/?parent=3998"}],"curies":[{"name":"wp","href":"https:\/\/api.w.org\/{rel}","templated":true}]}}