{"id":4047,"date":"2020-11-06T11:34:51","date_gmt":"2020-11-06T08:34:51","guid":{"rendered":"http:\/\/drcoffee.mediashark.pro\/%d0%b0%d1%80%d0%b5%d0%bd%d0%b4%d0%b0\/"},"modified":"2020-11-17T14:59:25","modified_gmt":"2020-11-17T11:59:25","slug":"%d0%b0%d1%80%d0%b5%d0%bd%d0%b4%d0%b0","status":"publish","type":"page","link":"https:\/\/dr-coffee.by\/pl\/%d0%b0%d1%80%d0%b5%d0%bd%d0%b4%d0%b0\/","title":{"rendered":"Wynajem"},"content":{"rendered":"<p>[vc_row][vc_column][vc_column_text]<\/p>\r\n\r\n<p><strong>LITORAN Group S.A., wy\u0142\u0105czny dystrybutor marki Dr. Coffee, oferuje korzystne warunki wynajmu ekspres\u00f3w automatycznych z pe\u0142n\u0105 obs\u0142ug\u0105 gwarancyjn\u0105, pogwarancyjn\u0105 i serwisow\u0105.<\/strong><\/p>\r\n<div class=\"wpb_text_column wpb_content_element popmake-3702 pum-trigger\" style=\"cursor: pointer;\">\r\n<div class=\"wpb_wrapper\"><a class=\"eltdf-btn eltdf-btn-medium eltdf-btn-outline eltdf-btn-custom-hover-bg eltdf-btn-custom-border-hover eltdf-btn-custom-hover-color eltdf-btn-dash\" style=\"color: #ffffff; border-color: #ffffff; font-size: 14px; font-weight: 600; text-transform: uppercase; padding: 15px 25px; background-color: #be9c79;\" href=\"#\" target=\"_self\" rel=\"noopener noreferrer\" data-hover-color=\"#ffffff\" data-hover-bg-color=\"#be9c79\" data-hover-border-color=\"#be9c79\"><span class=\"eltdf-btn-text\">Sprawdzi\u0107<\/span><\/a><\/div>\r\n<\/div>\r\n\r\n<h2><strong>WYNAJEM <\/strong><\/h2>\r\n<p><br \/><\/p>\r\n<ul>\r\n<li>10 kg \u015bwie\u017co palonej kawy miesi\u0119cznie;<\/li>\r\n<li>Instalacja i konfiguracja ekspresu do kawy;<\/li>\r\n<li>Szkolenie pracownik\u00f3w w zakresie zasad obs\u0142ugi, konserwacji i regulacji ekspresu do kawy;<\/li>\r\n<li>Comiesi\u0119czna konserwacja (czyszczenie, kalibracja, odkamienianie);<\/li>\r\n<li>Comiesi\u0119czny zapas detergent\u00f3w do czyszczenia ekspresu do kawy i systemu spieniania mleka.<\/li>\r\n<\/ul>\r\n\r\n<p><strong>Cena wynajmu od 140 USD na miesi\u0105c. *<\/strong><\/p>\r\n\r\n<p><strong>* pod warunkiem najmu na trzy miesi\u0105ce lub d\u0142u\u017cej.<\/strong><\/p>\r\n\r\n<p>&nbsp;<\/p>\r\n<p>[\/vc_column_text][\/vc_column][\/vc_row][vc_row row_content_width=&#8221;grid&#8221; disable_background_image=&#8221;&#8221; content_text_aligment=&#8221;center&#8221; simple_background_image=&#8221;3462&#8243; css=&#8221;.vc_custom_1584350963719{padding-top: 130px !important;padding-bottom: 150px !important;}&#8221;][vc_column]<div class=\"eltdf-image-with-text-holder   \">\n    <div class=\"eltdf-iwt-image\">\n                                                            <\/div>\n    <div class=\"eltdf-iwt-text-holder\">\n        \t\t    <\/div>\n<\/div>[\/vc_column][\/vc_row][vc_row][vc_column][vc_column_text]<\/p>\r\n<h2><strong>WYNAJEM +<\/strong><\/h2>\r\n<ul>\r\n<li>5 kg \u015bwie\u017co palonej kawy miesi\u0119cznie;<\/li>\r\n<li>Instalacja i konfiguracja ekspresu do kawy;<\/li>\r\n<li>Szkolenie pracownik\u00f3w w zakresie zasad obs\u0142ugi, konserwacji i regulacji ekspresu do kawy;<\/li>\r\n<li>Comiesi\u0119czna konserwacja (czyszczenie, kalibracja, odkamienianie);<\/li>\r\n<li>Comiesi\u0119czne zaopatrzenie w detergenty do czyszczenia ekspresu do kawy i systemu spieniania mleka;<\/li>\r\n<\/ul>\r\n<!-- \/wp:list -->\r\n<p><!-- wp:paragraph --><strong>Po 12 miesi\u0105cach ekspres do kawy przechodzi na w\u0142asno\u015b\u0107.<\/strong><\/p>\r\n<!-- \/wp:paragraph -->\r\n<p><!-- wp:paragraph --><strong>Cena wynajmu z wykupem od 185 USD miesi\u0119cznie.<\/strong><\/p>\r\n<!-- \/wp:paragraph -->\r\n<p><!-- wp:paragraph -->W razie potrzeby us\u0142ugi serwisowej 24\/7, koszt wzro\u015bnie o 100 rubli bia\u0142oruskich miesi\u0119cznie.<\/p>\r\n<!-- \/wp:paragraph -->\r\n<p style=\"text-align: left;\"><!-- wp:paragraph --><\/p>\r\n<p>&nbsp;<\/p>\r\n<p>[\/vc_column_text][\/vc_column][\/vc_row]<\/p>","protected":false},"excerpt":{"rendered":"<p>[vc_row][vc_column][vc_column_text] LITORAN Group S.A., wy\u0142\u0105czny dystrybutor marki Dr. Coffee, oferuje korzystne warunki wynajmu ekspres\u00f3w automatycznych z pe\u0142n\u0105 obs\u0142ug\u0105 gwarancyjn\u0105, pogwarancyjn\u0105 i serwisow\u0105. Sprawdzi\u0107 WYNAJEM 10 kg \u015bwie\u017co palonej kawy miesi\u0119cznie; Instalacja i konfiguracja ekspresu do kawy; Szkolenie pracownik\u00f3w w zakresie zasad obs\u0142ugi, konserwacji i regulacji ekspresu do kawy; Comiesi\u0119czna konserwacja (czyszczenie, kalibracja, odkamienianie); Comiesi\u0119czny zapas detergent\u00f3w do czyszczenia ekspresu do kawy i systemu spieniania mleka. Cena wynajmu od 140 USD na miesi\u0105c. [&hellip;]<\/p>\n","protected":false},"author":1,"featured_media":0,"parent":0,"menu_order":0,"comment_status":"closed","ping_status":"closed","template":"","meta":[],"_links":{"self":[{"href":"https:\/\/dr-coffee.by\/pl\/wp-json\/wp\/v2\/pages\/4047\/"}],"collection":[{"href":"https:\/\/dr-coffee.by\/pl\/wp-json\/wp\/v2\/pages\/"}],"about":[{"href":"https:\/\/dr-coffee.by\/pl\/wp-json\/wp\/v2\/types\/page\/"}],"author":[{"embeddable":true,"href":"https:\/\/dr-coffee.by\/pl\/wp-json\/wp\/v2\/users\/1\/"}],"replies":[{"embeddable":true,"href":"https:\/\/dr-coffee.by\/pl\/wp-json\/wp\/v2\/comments\/?post=4047"}],"version-history":[{"count":0,"href":"https:\/\/dr-coffee.by\/pl\/wp-json\/wp\/v2\/pages\/4047\/revisions\/"}],"wp:attachment":[{"href":"https:\/\/dr-coffee.by\/pl\/wp-json\/wp\/v2\/media\/?parent=4047"}],"curies":[{"name":"wp","href":"https:\/\/api.w.org\/{rel}","templated":true}]}}